{"id":8223,"date":"2024-12-10T15:20:49","date_gmt":"2024-12-10T14:20:49","guid":{"rendered":"https:\/\/timpermancreation.com\/?post_type=product&#038;p=8223"},"modified":"2024-12-10T15:21:44","modified_gmt":"2024-12-10T14:21:44","slug":"bague-jeremy-2-cones-vert","status":"publish","type":"product","link":"https:\/\/timpermancreation.com\/en\/produit\/bague-jeremy-2-cones-vert\/","title":{"rendered":"Bague JEREMY 2 cones vert"},"content":{"rendered":"<p>Bague de la collection JEREMY, mod\u00e8le 2 cones vert<\/p>\n<p>En argent 925 avec deux perles naturelles vertes<\/p>\n<p>La bague est form\u00e9 par un anneau qui se croise avec de chaque cot\u00e9 un cone<\/p>\n<p>Tr\u00e8s agr\u00e9able \u00e0 parler et tr\u00e8s stable sur la main<\/p>\n<p>Taille du cone : 9,5 mm<\/p>\n<p>Perle : 10 mm \/ 7,3 mm visible<\/p>\n<p>Hauteur de l&#8217;anneau : 4 mm<\/p>\n<p>\u00e9paisseur : 1,6 mm<\/p>\n<p>tailles disponibles : 52, 54, 56, 60<\/p>\n<p>Lors de l\u2019achat pour le choix de la taille vous nous envoyez un email \u00e0 : info@timpermancreation.com<\/p>\n<p>Le mod\u00e8le peut \u00eatre r\u00e9alis\u00e9 en or 18 carats jaune, rose ou blanc<\/p>\n<p>avec d&#8217;autres pierres \u00e0 la demande : info@timpermancreation.com<\/p>\n<p>la bague est une cr\u00e9ation faite \u00e0 la main, le mod\u00e8le en photo n\u2019est peut \u00eatre pas exactement celui qui sera le votre.<\/p>\n","protected":false},"excerpt":{"rendered":"<p>Bague de la collection JEREMY, mod\u00e8le 2 cones vert En argent 925 avec deux perles naturelles vertes La bague est form\u00e9 par un anneau qui se croise avec de chaque cot\u00e9 un cone Tr\u00e8s agr\u00e9able \u00e0 parler et tr\u00e8s stable sur la main Taille du cone : 9,5 mm Perle : 10 mm \/ 7,3 [&hellip;]<\/p>\n","protected":false},"featured_media":1334,"template":"","meta":{"ocean_post_layout":"","ocean_both_sidebars_style":"","ocean_both_sidebars_content_width":0,"ocean_both_sidebars_sidebars_width":0,"ocean_sidebar":"0","ocean_second_sidebar":"0","ocean_disable_margins":"enable","ocean_add_body_class":"","ocean_shortcode_before_top_bar":"","ocean_shortcode_after_top_bar":"","ocean_shortcode_before_header":"","ocean_shortcode_after_header":"","ocean_has_shortcode":"","ocean_shortcode_after_title":"","ocean_shortcode_before_footer_widgets":"","ocean_shortcode_after_footer_widgets":"","ocean_shortcode_before_footer_bottom":"","ocean_shortcode_after_footer_bottom":"","ocean_display_top_bar":"default","ocean_display_header":"default","ocean_header_style":"","ocean_center_header_left_menu":"0","ocean_custom_header_template":"0","ocean_custom_logo":0,"ocean_custom_retina_logo":0,"ocean_custom_logo_max_width":0,"ocean_custom_logo_tablet_max_width":0,"ocean_custom_logo_mobile_max_width":0,"ocean_custom_logo_max_height":0,"ocean_custom_logo_tablet_max_height":0,"ocean_custom_logo_mobile_max_height":0,"ocean_header_custom_menu":"0","ocean_menu_typo_font_family":"0","ocean_menu_typo_font_subset":"","ocean_menu_typo_font_size":0,"ocean_menu_typo_font_size_tablet":0,"ocean_menu_typo_font_size_mobile":0,"ocean_menu_typo_font_size_unit":"px","ocean_menu_typo_font_weight":"","ocean_menu_typo_font_weight_tablet":"","ocean_menu_typo_font_weight_mobile":"","ocean_menu_typo_transform":"","ocean_menu_typo_transform_tablet":"","ocean_menu_typo_transform_mobile":"","ocean_menu_typo_line_height":0,"ocean_menu_typo_line_height_tablet":0,"ocean_menu_typo_line_height_mobile":0,"ocean_menu_typo_line_height_unit":"","ocean_menu_typo_spacing":0,"ocean_menu_typo_spacing_tablet":0,"ocean_menu_typo_spacing_mobile":0,"ocean_menu_typo_spacing_unit":"","ocean_menu_link_color":"","ocean_menu_link_color_hover":"","ocean_menu_link_color_active":"","ocean_menu_link_background":"","ocean_menu_link_hover_background":"","ocean_menu_link_active_background":"","ocean_menu_social_links_bg":"","ocean_menu_social_hover_links_bg":"","ocean_menu_social_links_color":"","ocean_menu_social_hover_links_color":"","ocean_disable_title":"default","ocean_disable_heading":"default","ocean_post_title":"","ocean_post_subheading":"","ocean_post_title_style":"","ocean_post_title_background_color":"","ocean_post_title_background":0,"ocean_post_title_bg_image_position":"","ocean_post_title_bg_image_attachment":"","ocean_post_title_bg_image_repeat":"","ocean_post_title_bg_image_size":"","ocean_post_title_height":0,"ocean_post_title_bg_overlay":0.5,"ocean_post_title_bg_overlay_color":"","ocean_disable_breadcrumbs":"default","ocean_breadcrumbs_color":"","ocean_breadcrumbs_separator_color":"","ocean_breadcrumbs_links_color":"","ocean_breadcrumbs_links_hover_color":"","ocean_display_footer_widgets":"default","ocean_display_footer_bottom":"default","ocean_custom_footer_template":"0"},"product_brand":[],"product_cat":[34,90],"product_tag":[],"class_list":{"0":"post-8223","1":"product","2":"type-product","3":"status-publish","4":"has-post-thumbnail","6":"product_cat-jeremy","7":"product_cat-bagues","9":"entry","10":"has-media","12":"first","13":"instock","14":"shipping-taxable","15":"purchasable","16":"product-type-simple","17":"has-product-nav","18":"col","19":"span_1_of_3","20":"owp-content-center","21":"owp-thumbs-layout-horizontal","22":"owp-btn-normal","23":"owp-tabs-layout-horizontal","24":"has-no-thumbnails"},"yoast_head":"<!-- This site is optimized with the Yoast SEO plugin v27.0 - https:\/\/yoast.com\/product\/yoast-seo-wordpress\/ -->\n<title>Bague JEREMY 2 cones vert - TIMPERMAN<\/title>\n<meta name=\"robots\" content=\"index, follow, max-snippet:-1, max-image-preview:large, max-video-preview:-1\" \/>\n<link rel=\"canonical\" href=\"https:\/\/timpermancreation.com\/en\/produit\/bague-jeremy-2-cones-vert\/\" \/>\n<meta property=\"og:locale\" content=\"en_US\" \/>\n<meta property=\"og:type\" content=\"article\" \/>\n<meta property=\"og:title\" content=\"Bague JEREMY 2 cones vert - TIMPERMAN\" \/>\n<meta property=\"og:description\" content=\"Bague de la collection JEREMY, mod\u00e8le 2 cones vert En argent 925 avec deux perles naturelles vertes La bague est form\u00e9 par un anneau qui se croise avec de chaque cot\u00e9 un cone Tr\u00e8s agr\u00e9able \u00e0 parler et tr\u00e8s stable sur la main Taille du cone : 9,5 mm Perle : 10 mm \/ 7,3 [&hellip;]\" \/>\n<meta property=\"og:url\" content=\"https:\/\/timpermancreation.com\/en\/produit\/bague-jeremy-2-cones-vert\/\" \/>\n<meta property=\"og:site_name\" content=\"TIMPERMAN\" \/>\n<meta property=\"article:modified_time\" content=\"2024-12-10T14:21:44+00:00\" \/>\n<meta property=\"og:image\" content=\"https:\/\/timpermancreation.com\/wp-content\/uploads\/2020\/11\/T-Jeremy-2-green-1.png\" \/>\n\t<meta property=\"og:image:width\" content=\"800\" \/>\n\t<meta property=\"og:image:height\" content=\"800\" \/>\n\t<meta property=\"og:image:type\" content=\"image\/png\" \/>\n<meta name=\"twitter:card\" content=\"summary_large_image\" \/>\n<meta name=\"twitter:label1\" content=\"Est. reading time\" \/>\n\t<meta name=\"twitter:data1\" content=\"1 minute\" \/>\n<script type=\"application\/ld+json\" class=\"yoast-schema-graph\">{\"@context\":\"https:\/\/schema.org\",\"@graph\":[{\"@type\":\"WebPage\",\"@id\":\"https:\/\/timpermancreation.com\/en\/produit\/bague-jeremy-2-cones-vert\/\",\"url\":\"https:\/\/timpermancreation.com\/en\/produit\/bague-jeremy-2-cones-vert\/\",\"name\":\"Bague JEREMY 2 cones vert - TIMPERMAN\",\"isPartOf\":{\"@id\":\"https:\/\/timpermancreation.com\/en\/#website\"},\"primaryImageOfPage\":{\"@id\":\"https:\/\/timpermancreation.com\/en\/produit\/bague-jeremy-2-cones-vert\/#primaryimage\"},\"image\":{\"@id\":\"https:\/\/timpermancreation.com\/en\/produit\/bague-jeremy-2-cones-vert\/#primaryimage\"},\"thumbnailUrl\":\"https:\/\/timpermancreation.com\/wp-content\/uploads\/2020\/11\/T-Jeremy-2-green-1.png\",\"datePublished\":\"2024-12-10T14:20:49+00:00\",\"dateModified\":\"2024-12-10T14:21:44+00:00\",\"breadcrumb\":{\"@id\":\"https:\/\/timpermancreation.com\/en\/produit\/bague-jeremy-2-cones-vert\/#breadcrumb\"},\"inLanguage\":\"en-US\",\"potentialAction\":[{\"@type\":\"ReadAction\",\"target\":[\"https:\/\/timpermancreation.com\/en\/produit\/bague-jeremy-2-cones-vert\/\"]}]},{\"@type\":\"ImageObject\",\"inLanguage\":\"en-US\",\"@id\":\"https:\/\/timpermancreation.com\/en\/produit\/bague-jeremy-2-cones-vert\/#primaryimage\",\"url\":\"https:\/\/timpermancreation.com\/wp-content\/uploads\/2020\/11\/T-Jeremy-2-green-1.png\",\"contentUrl\":\"https:\/\/timpermancreation.com\/wp-content\/uploads\/2020\/11\/T-Jeremy-2-green-1.png\",\"width\":800,\"height\":800},{\"@type\":\"BreadcrumbList\",\"@id\":\"https:\/\/timpermancreation.com\/en\/produit\/bague-jeremy-2-cones-vert\/#breadcrumb\",\"itemListElement\":[{\"@type\":\"ListItem\",\"position\":1,\"name\":\"home\",\"item\":\"https:\/\/timpermancreation.com\/en\/\"},{\"@type\":\"ListItem\",\"position\":2,\"name\":\"Products\",\"item\":\"https:\/\/timpermancreation.com\/en\/shop\/\"},{\"@type\":\"ListItem\",\"position\":3,\"name\":\"Bague JEREMY 2 cones vert\"}]},{\"@type\":\"WebSite\",\"@id\":\"https:\/\/timpermancreation.com\/en\/#website\",\"url\":\"https:\/\/timpermancreation.com\/en\/\",\"name\":\"TIMPERMAN\",\"description\":\"timperman creation\",\"publisher\":{\"@id\":\"https:\/\/timpermancreation.com\/en\/#organization\"},\"potentialAction\":[{\"@type\":\"SearchAction\",\"target\":{\"@type\":\"EntryPoint\",\"urlTemplate\":\"https:\/\/timpermancreation.com\/en\/?s={search_term_string}\"},\"query-input\":{\"@type\":\"PropertyValueSpecification\",\"valueRequired\":true,\"valueName\":\"search_term_string\"}}],\"inLanguage\":\"en-US\"},{\"@type\":\"Organization\",\"@id\":\"https:\/\/timpermancreation.com\/en\/#organization\",\"name\":\"TIMPERMAN\",\"url\":\"https:\/\/timpermancreation.com\/en\/\",\"logo\":{\"@type\":\"ImageObject\",\"inLanguage\":\"en-US\",\"@id\":\"https:\/\/timpermancreation.com\/en\/#\/schema\/logo\/image\/\",\"url\":\"https:\/\/timpermancreation.com\/wp-content\/uploads\/2020\/11\/cropped-T-logo-in-round-nov2020.jpg\",\"contentUrl\":\"https:\/\/timpermancreation.com\/wp-content\/uploads\/2020\/11\/cropped-T-logo-in-round-nov2020.jpg\",\"width\":1240,\"height\":1240,\"caption\":\"TIMPERMAN\"},\"image\":{\"@id\":\"https:\/\/timpermancreation.com\/en\/#\/schema\/logo\/image\/\"}}]}<\/script>\n<!-- \/ Yoast SEO plugin. -->","yoast_head_json":{"title":"Bague JEREMY 2 cones vert - TIMPERMAN","robots":{"index":"index","follow":"follow","max-snippet":"max-snippet:-1","max-image-preview":"max-image-preview:large","max-video-preview":"max-video-preview:-1"},"canonical":"https:\/\/timpermancreation.com\/en\/produit\/bague-jeremy-2-cones-vert\/","og_locale":"en_US","og_type":"article","og_title":"Bague JEREMY 2 cones vert - TIMPERMAN","og_description":"Bague de la collection JEREMY, mod\u00e8le 2 cones vert En argent 925 avec deux perles naturelles vertes La bague est form\u00e9 par un anneau qui se croise avec de chaque cot\u00e9 un cone Tr\u00e8s agr\u00e9able \u00e0 parler et tr\u00e8s stable sur la main Taille du cone : 9,5 mm Perle : 10 mm \/ 7,3 [&hellip;]","og_url":"https:\/\/timpermancreation.com\/en\/produit\/bague-jeremy-2-cones-vert\/","og_site_name":"TIMPERMAN","article_modified_time":"2024-12-10T14:21:44+00:00","og_image":[{"width":800,"height":800,"url":"https:\/\/timpermancreation.com\/wp-content\/uploads\/2020\/11\/T-Jeremy-2-green-1.png","type":"image\/png"}],"twitter_card":"summary_large_image","twitter_misc":{"Est. reading time":"1 minute"},"schema":{"@context":"https:\/\/schema.org","@graph":[{"@type":"WebPage","@id":"https:\/\/timpermancreation.com\/en\/produit\/bague-jeremy-2-cones-vert\/","url":"https:\/\/timpermancreation.com\/en\/produit\/bague-jeremy-2-cones-vert\/","name":"Bague JEREMY 2 cones vert - TIMPERMAN","isPartOf":{"@id":"https:\/\/timpermancreation.com\/en\/#website"},"primaryImageOfPage":{"@id":"https:\/\/timpermancreation.com\/en\/produit\/bague-jeremy-2-cones-vert\/#primaryimage"},"image":{"@id":"https:\/\/timpermancreation.com\/en\/produit\/bague-jeremy-2-cones-vert\/#primaryimage"},"thumbnailUrl":"https:\/\/timpermancreation.com\/wp-content\/uploads\/2020\/11\/T-Jeremy-2-green-1.png","datePublished":"2024-12-10T14:20:49+00:00","dateModified":"2024-12-10T14:21:44+00:00","breadcrumb":{"@id":"https:\/\/timpermancreation.com\/en\/produit\/bague-jeremy-2-cones-vert\/#breadcrumb"},"inLanguage":"en-US","potentialAction":[{"@type":"ReadAction","target":["https:\/\/timpermancreation.com\/en\/produit\/bague-jeremy-2-cones-vert\/"]}]},{"@type":"ImageObject","inLanguage":"en-US","@id":"https:\/\/timpermancreation.com\/en\/produit\/bague-jeremy-2-cones-vert\/#primaryimage","url":"https:\/\/timpermancreation.com\/wp-content\/uploads\/2020\/11\/T-Jeremy-2-green-1.png","contentUrl":"https:\/\/timpermancreation.com\/wp-content\/uploads\/2020\/11\/T-Jeremy-2-green-1.png","width":800,"height":800},{"@type":"BreadcrumbList","@id":"https:\/\/timpermancreation.com\/en\/produit\/bague-jeremy-2-cones-vert\/#breadcrumb","itemListElement":[{"@type":"ListItem","position":1,"name":"home","item":"https:\/\/timpermancreation.com\/en\/"},{"@type":"ListItem","position":2,"name":"Products","item":"https:\/\/timpermancreation.com\/en\/shop\/"},{"@type":"ListItem","position":3,"name":"Bague JEREMY 2 cones vert"}]},{"@type":"WebSite","@id":"https:\/\/timpermancreation.com\/en\/#website","url":"https:\/\/timpermancreation.com\/en\/","name":"TIMPERMAN","description":"timperman creation","publisher":{"@id":"https:\/\/timpermancreation.com\/en\/#organization"},"potentialAction":[{"@type":"SearchAction","target":{"@type":"EntryPoint","urlTemplate":"https:\/\/timpermancreation.com\/en\/?s={search_term_string}"},"query-input":{"@type":"PropertyValueSpecification","valueRequired":true,"valueName":"search_term_string"}}],"inLanguage":"en-US"},{"@type":"Organization","@id":"https:\/\/timpermancreation.com\/en\/#organization","name":"TIMPERMAN","url":"https:\/\/timpermancreation.com\/en\/","logo":{"@type":"ImageObject","inLanguage":"en-US","@id":"https:\/\/timpermancreation.com\/en\/#\/schema\/logo\/image\/","url":"https:\/\/timpermancreation.com\/wp-content\/uploads\/2020\/11\/cropped-T-logo-in-round-nov2020.jpg","contentUrl":"https:\/\/timpermancreation.com\/wp-content\/uploads\/2020\/11\/cropped-T-logo-in-round-nov2020.jpg","width":1240,"height":1240,"caption":"TIMPERMAN"},"image":{"@id":"https:\/\/timpermancreation.com\/en\/#\/schema\/logo\/image\/"}}]}},"_links":{"self":[{"href":"https:\/\/timpermancreation.com\/en\/wp-json\/wp\/v2\/product\/8223","targetHints":{"allow":["GET"]}}],"collection":[{"href":"https:\/\/timpermancreation.com\/en\/wp-json\/wp\/v2\/product"}],"about":[{"href":"https:\/\/timpermancreation.com\/en\/wp-json\/wp\/v2\/types\/product"}],"version-history":[{"count":1,"href":"https:\/\/timpermancreation.com\/en\/wp-json\/wp\/v2\/product\/8223\/revisions"}],"predecessor-version":[{"id":8224,"href":"https:\/\/timpermancreation.com\/en\/wp-json\/wp\/v2\/product\/8223\/revisions\/8224"}],"wp:featuredmedia":[{"embeddable":true,"href":"https:\/\/timpermancreation.com\/en\/wp-json\/wp\/v2\/media\/1334"}],"wp:attachment":[{"href":"https:\/\/timpermancreation.com\/en\/wp-json\/wp\/v2\/media?parent=8223"}],"wp:term":[{"taxonomy":"product_brand","embeddable":true,"href":"https:\/\/timpermancreation.com\/en\/wp-json\/wp\/v2\/product_brand?post=8223"},{"taxonomy":"product_cat","embeddable":true,"href":"https:\/\/timpermancreation.com\/en\/wp-json\/wp\/v2\/product_cat?post=8223"},{"taxonomy":"product_tag","embeddable":true,"href":"https:\/\/timpermancreation.com\/en\/wp-json\/wp\/v2\/product_tag?post=8223"}],"curies":[{"name":"wp","href":"https:\/\/api.w.org\/{rel}","templated":true}]}}